{"id":139,"date":"2018-07-01T08:42:23","date_gmt":"2018-07-01T08:42:23","guid":{"rendered":"https:\/\/demo.themeinwp.com\/infinity-mag\/?page_id=32"},"modified":"2023-10-16T14:48:38","modified_gmt":"2023-10-16T12:48:38","slug":"homepage","status":"publish","type":"page","link":"https:\/\/accionsg.crtvg.gal\/alimentacion\/","title":{"rendered":"Homepage"},"content":{"rendered":"\t\t<div data-elementor-type=\"wp-post\" data-elementor-id=\"139\" class=\"elementor elementor-139\">\n\t\t\t\t\t\t\t\t\t<section class=\"elementor-section elementor-top-section elementor-element elementor-element-326b33b elementor-section-boxed elementor-section-height-default elementor-section-height-default\" data-id=\"326b33b\" data-element_type=\"section\" data-settings=\"{&quot;background_background&quot;:&quot;gradient&quot;}\">\n\t\t\t\t\t\t<div class=\"elementor-container elementor-column-gap-default\">\n\t\t\t\t\t<div class=\"elementor-column elementor-col-100 elementor-top-column elementor-element elementor-element-f65b5c3\" data-id=\"f65b5c3\" data-element_type=\"column\">\n\t\t\t<div class=\"elementor-widget-wrap elementor-element-populated\">\n\t\t\t\t\t\t\t\t<section class=\"elementor-section elementor-inner-section elementor-element elementor-element-e5a3367 elementor-section-boxed elementor-section-height-default elementor-section-height-default\" data-id=\"e5a3367\" data-element_type=\"section\">\n\t\t\t\t\t\t<div class=\"elementor-container elementor-column-gap-default\">\n\t\t\t\t\t<div class=\"elementor-column elementor-col-100 elementor-inner-column elementor-element elementor-element-da74ebc\" data-id=\"da74ebc\" data-element_type=\"column\" data-settings=\"{&quot;background_background&quot;:&quot;classic&quot;}\">\n\t\t\t<div class=\"elementor-widget-wrap elementor-element-populated\">\n\t\t\t\t\t\t\t\t<div class=\"elementor-element elementor-element-b2b766d elementor-widget elementor-widget-image\" data-id=\"b2b766d\" data-element_type=\"widget\" data-widget_type=\"image.default\">\n\t\t\t\t<div class=\"elementor-widget-container\">\n\t\t\t\t\t\t\t\t\t\t\t\t\t\t\t<img decoding=\"async\" width=\"750\" height=\"422\" src=\"https:\/\/accionsg.crtvg.gal\/alimentacion\/wp-content\/uploads\/2023\/10\/ponamolo-a-ceroNdP-1024x576.jpg\" class=\"attachment-large size-large wp-image-434\" alt=\"\" loading=\"lazy\" srcset=\"https:\/\/accionsg.crtvg.gal\/alimentacion\/wp-content\/uploads\/2023\/10\/ponamolo-a-ceroNdP-1024x576.jpg 1024w, https:\/\/accionsg.crtvg.gal\/alimentacion\/wp-content\/uploads\/2023\/10\/ponamolo-a-ceroNdP-300x169.jpg 300w, https:\/\/accionsg.crtvg.gal\/alimentacion\/wp-content\/uploads\/2023\/10\/ponamolo-a-ceroNdP-768x432.jpg 768w, https:\/\/accionsg.crtvg.gal\/alimentacion\/wp-content\/uploads\/2023\/10\/ponamolo-a-ceroNdP-1536x864.jpg 1536w, https:\/\/accionsg.crtvg.gal\/alimentacion\/wp-content\/uploads\/2023\/10\/ponamolo-a-ceroNdP.jpg 1920w\" sizes=\"(max-width: 750px) 100vw, 750px\" \/>\t\t\t\t\t\t\t\t\t\t\t\t\t\t\t<\/div>\n\t\t\t\t<\/div>\n\t\t\t\t<div class=\"elementor-element elementor-element-89364ea elementor-widget elementor-widget-heading\" data-id=\"89364ea\" data-element_type=\"widget\" data-widget_type=\"heading.default\">\n\t\t\t\t<div class=\"elementor-widget-container\">\n\t\t\t<h2 class=\"elementor-heading-title elementor-size-default\">D\u00eda Mundial da Alimentaci\u00f3n<\/h2>\t\t<\/div>\n\t\t\t\t<\/div>\n\t\t\t\t<div class=\"elementor-element elementor-element-d7ca39e elementor-widget elementor-widget-text-editor\" data-id=\"d7ca39e\" data-element_type=\"widget\" data-widget_type=\"text-editor.default\">\n\t\t\t\t<div class=\"elementor-widget-container\">\n\t\t\t\t\t\t\t<p>No marco das s\u00faas #Acci\u00f3nsG de Responsabilidade Social Corporativa, a CRTVG lanza #Po\u00f1\u00e1moloACero, unha campa\u00f1a de sensibilizaci\u00f3n arredor do D\u00eda Mundial da Alimentaci\u00f3n, no que a ONU visibiliza a necesidade de reducir o desperdicio alimentario cifrado a nivel mundial no 17% entre os fogares, a restauraci\u00f3n e a venda retallista. Como socia do Pacto Mundial das Naci\u00f3ns Unidas de Espa\u00f1a, o obxectivo da CRTVG \u00e9 contribu\u00edr \u00e1 difusi\u00f3n dos Obxectivos de Desenvolvemento Sostible (ODS) en Galicia, neste caso do Obxectivo n\u00famero 3, Sa\u00fade e benestar, e o n\u00famero 12, Produci\u00f3n e consumo responsables, que trata de cambiar o modelo actual de produci\u00f3n e consumo para conseguir unha xesti\u00f3n eficiente dos recursos naturais.<\/p>\t\t\t\t\t\t<\/div>\n\t\t\t\t<\/div>\n\t\t\t\t\t<\/div>\n\t\t<\/div>\n\t\t\t\t\t\t\t<\/div>\n\t\t<\/section>\n\t\t\t\t\t<\/div>\n\t\t<\/div>\n\t\t\t\t\t\t\t<\/div>\n\t\t<\/section>\n\t\t\t\t<section class=\"elementor-section elementor-top-section elementor-element elementor-element-905b6a6 elementor-section-boxed elementor-section-height-default elementor-section-height-default\" data-id=\"905b6a6\" data-element_type=\"section\" data-settings=\"{&quot;background_background&quot;:&quot;classic&quot;}\">\n\t\t\t\t\t\t<div class=\"elementor-container elementor-column-gap-default\">\n\t\t\t\t\t<div class=\"elementor-column elementor-col-100 elementor-top-column elementor-element elementor-element-5e1ceba\" data-id=\"5e1ceba\" data-element_type=\"column\" data-settings=\"{&quot;background_background&quot;:&quot;classic&quot;}\">\n\t\t\t<div class=\"elementor-widget-wrap elementor-element-populated\">\n\t\t\t\t\t\t\t\t<div class=\"elementor-element elementor-element-dda4462 elementor-widget elementor-widget-video\" data-id=\"dda4462\" data-element_type=\"widget\" data-settings=\"{&quot;video_type&quot;:&quot;vimeo&quot;}\" data-widget_type=\"video.default\">\n\t\t\t\t<div class=\"elementor-widget-container\">\n\t\t\t\t\t<div class=\"elementor-wrapper elementor-open-inline\">\n\t\t\t<iframe class=\"elementor-video-iframe\" allowfullscreen title=\"Reproductor de v\u00eddeo youtube\" src=\"https:\/\/www.youtube.com\/embed\/DY3GNQChgSM?feature=oembed&amp;color&amp;autopause=0&amp;loop=0&amp;muted=0&amp;title=1&amp;portrait=1&amp;byline=1\"><\/iframe>\t\t<\/div>\n\t\t\t\t<\/div>\n\t\t\t\t<\/div>\n\t\t\t\t\t<\/div>\n\t\t<\/div>\n\t\t\t\t\t\t\t<\/div>\n\t\t<\/section>\n\t\t\t\t<section class=\"elementor-section elementor-top-section elementor-element elementor-element-4ef108c elementor-section-boxed elementor-section-height-default elementor-section-height-default\" data-id=\"4ef108c\" data-element_type=\"section\">\n\t\t\t\t\t\t<div class=\"elementor-container elementor-column-gap-default\">\n\t\t\t\t\t<div class=\"elementor-column elementor-col-33 elementor-top-column elementor-element elementor-element-302689b\" data-id=\"302689b\" data-element_type=\"column\">\n\t\t\t<div class=\"elementor-widget-wrap elementor-element-populated\">\n\t\t\t\t\t\t\t\t<div class=\"elementor-element elementor-element-4117e79 elementor-position-top elementor-widget elementor-widget-image-box\" data-id=\"4117e79\" data-element_type=\"widget\" data-widget_type=\"image-box.default\">\n\t\t\t\t<div class=\"elementor-widget-container\">\n\t\t\t<div class=\"elementor-image-box-wrapper\"><figure class=\"elementor-image-box-img\"><a href=\"https:\/\/www.fao.org\/world-food-day\/es\" tabindex=\"-1\"><img decoding=\"async\" width=\"500\" height=\"142\" src=\"https:\/\/accionsg.crtvg.gal\/alimentacion\/wp-content\/uploads\/2023\/10\/es-fao_logo_blue_2lines_es_0.png\" class=\"attachment-medium_large size-medium_large wp-image-440\" alt=\"\" loading=\"lazy\" srcset=\"https:\/\/accionsg.crtvg.gal\/alimentacion\/wp-content\/uploads\/2023\/10\/es-fao_logo_blue_2lines_es_0.png 500w, https:\/\/accionsg.crtvg.gal\/alimentacion\/wp-content\/uploads\/2023\/10\/es-fao_logo_blue_2lines_es_0-300x85.png 300w\" sizes=\"(max-width: 500px) 100vw, 500px\" \/><\/a><\/figure><div class=\"elementor-image-box-content\"><h1 class=\"elementor-image-box-title\"><a href=\"https:\/\/www.fao.org\/world-food-day\/es\">FAO Naci\u00f3ns Unidas<\/a><\/h1><p class=\"elementor-image-box-description\">P\u00e1xi\u00f1a espec\u00edfica sobre o D\u00eda Mundial da Alimentaci\u00f3n Organizaci\u00f3n das Naci\u00f3ns Unidas para a Alimentaci\u00f3n e a Agricultura<\/p><\/div><\/div>\t\t<\/div>\n\t\t\t\t<\/div>\n\t\t\t\t\t<\/div>\n\t\t<\/div>\n\t\t\t\t<div class=\"elementor-column elementor-col-33 elementor-top-column elementor-element elementor-element-2c3131b\" data-id=\"2c3131b\" data-element_type=\"column\">\n\t\t\t<div class=\"elementor-widget-wrap elementor-element-populated\">\n\t\t\t\t\t\t\t\t<div class=\"elementor-element elementor-element-f43125e elementor-position-top elementor-widget elementor-widget-image-box\" data-id=\"f43125e\" data-element_type=\"widget\" data-widget_type=\"image-box.default\">\n\t\t\t\t<div class=\"elementor-widget-container\">\n\t\t\t<div class=\"elementor-image-box-wrapper\"><figure class=\"elementor-image-box-img\"><a href=\"https:\/\/www.itu.int\/women-and-girls\/girls-in-ict\/\" target=\"_blank\" tabindex=\"-1\"><img decoding=\"async\" width=\"290\" height=\"72\" src=\"https:\/\/accionsg.crtvg.gal\/alimentacion\/wp-content\/uploads\/2023\/10\/comision-europea.png\" class=\"attachment-full size-full wp-image-447\" alt=\"\" loading=\"lazy\" \/><\/a><\/figure><div class=\"elementor-image-box-content\"><h3 class=\"elementor-image-box-title\"><a href=\"https:\/\/www.itu.int\/women-and-girls\/girls-in-ict\/\" target=\"_blank\">Comisi\u00f3n Europea<\/a><\/h3><p class=\"elementor-image-box-description\">A Comisi\u00f3n Europea s\u00famase tam\u00e9n a este d\u00eda  xa que , en Europa desperd\u00edcianse case 59 mill\u00f3ns de toneladas de alimentos<\/p><\/div><\/div>\t\t<\/div>\n\t\t\t\t<\/div>\n\t\t\t\t\t<\/div>\n\t\t<\/div>\n\t\t\t\t<div class=\"elementor-column elementor-col-33 elementor-top-column elementor-element elementor-element-7c081d2\" data-id=\"7c081d2\" data-element_type=\"column\">\n\t\t\t<div class=\"elementor-widget-wrap elementor-element-populated\">\n\t\t\t\t\t\t\t\t<div class=\"elementor-element elementor-element-2adb52a elementor-position-top elementor-widget elementor-widget-image-box\" data-id=\"2adb52a\" data-element_type=\"widget\" data-widget_type=\"image-box.default\">\n\t\t\t\t<div class=\"elementor-widget-container\">\n\t\t\t<div class=\"elementor-image-box-wrapper\"><figure class=\"elementor-image-box-img\"><a href=\"https:\/\/amtega.xunta.gal\/\" target=\"_blank\" tabindex=\"-1\"><img decoding=\"async\" width=\"300\" height=\"100\" src=\"https:\/\/accionsg.crtvg.gal\/alimentacion\/wp-content\/uploads\/2023\/10\/agacal-300x300-2.jpg\" class=\"attachment-medium size-medium wp-image-450\" alt=\"\" loading=\"lazy\" \/><\/a><\/figure><div class=\"elementor-image-box-content\"><h3 class=\"elementor-image-box-title\"><a href=\"https:\/\/amtega.xunta.gal\/\" target=\"_blank\">AGACAL<\/a><\/h3><p class=\"elementor-image-box-description\">P\u00e1xina da entidade da Xunta encargada de fomentar e promocionar a calidade dos produtos  alimentarios galegos e o desenvolvemento tecnol\u00f3xico do sector agroalimentario.<\/p><\/div><\/div>\t\t<\/div>\n\t\t\t\t<\/div>\n\t\t\t\t\t<\/div>\n\t\t<\/div>\n\t\t\t\t\t\t\t<\/div>\n\t\t<\/section>\n\t\t\t\t<section class=\"elementor-section elementor-top-section elementor-element elementor-element-2e7ca8d elementor-section-boxed elementor-section-height-default elementor-section-height-default\" data-id=\"2e7ca8d\" data-element_type=\"section\" data-settings=\"{&quot;background_background&quot;:&quot;classic&quot;}\">\n\t\t\t\t\t\t<div class=\"elementor-container elementor-column-gap-default\">\n\t\t\t\t\t<div class=\"elementor-column elementor-col-100 elementor-top-column elementor-element elementor-element-c9d484a\" data-id=\"c9d484a\" data-element_type=\"column\">\n\t\t\t<div class=\"elementor-widget-wrap elementor-element-populated\">\n\t\t\t\t\t\t\t\t<div class=\"elementor-element elementor-element-f01ece4 elementor-widget elementor-widget-text-editor\" data-id=\"f01ece4\" data-element_type=\"widget\" data-widget_type=\"text-editor.default\">\n\t\t\t\t<div class=\"elementor-widget-container\">\n\t\t\t\t\t\t\t\t\t\t\t\t\t<\/div>\n\t\t\t\t<\/div>\n\t\t\t\t\t<\/div>\n\t\t<\/div>\n\t\t\t\t\t\t\t<\/div>\n\t\t<\/section>\n\t\t\t\t<section class=\"elementor-section elementor-top-section elementor-element elementor-element-cb41071 elementor-section-boxed elementor-section-height-default elementor-section-height-default\" data-id=\"cb41071\" data-element_type=\"section\" data-settings=\"{&quot;background_background&quot;:&quot;classic&quot;}\">\n\t\t\t\t\t\t<div class=\"elementor-container elementor-column-gap-default\">\n\t\t\t\t\t<div class=\"elementor-column elementor-col-100 elementor-top-column elementor-element elementor-element-3943ca6\" data-id=\"3943ca6\" data-element_type=\"column\">\n\t\t\t<div class=\"elementor-widget-wrap elementor-element-populated\">\n\t\t\t\t\t\t\t\t<div class=\"elementor-element elementor-element-5ba2e31 elementor-widget elementor-widget-text-editor\" data-id=\"5ba2e31\" data-element_type=\"widget\" data-widget_type=\"text-editor.default\">\n\t\t\t\t<div class=\"elementor-widget-container\">\n\t\t\t\t\t\t\t<p><strong>16 OUTUBRO<\/strong><\/p><p><strong>A Revista<\/strong> Entrevista Marcio Barradas de Essence Foods e conexi\u00f3n en directo co Hotel OCA Puerta del Camino para falar da s\u00faa colaboraci\u00f3n con TooGoodToGo<\/p><p>https:\/\/www.crtvg.es\/tvg\/a-carta\/a-revista-6283646?t=406<\/p>\t\t\t\t\t\t<\/div>\n\t\t\t\t<\/div>\n\t\t\t\t<div class=\"elementor-element elementor-element-24432f0 elementor-widget elementor-widget-image\" data-id=\"24432f0\" data-element_type=\"widget\" data-widget_type=\"image.default\">\n\t\t\t\t<div class=\"elementor-widget-container\">\n\t\t\t\t\t\t\t\t\t\t\t\t\t\t\t<img decoding=\"async\" width=\"750\" height=\"751\" src=\"https:\/\/accionsg.crtvg.gal\/alimentacion\/wp-content\/uploads\/2020\/06\/G-branco-axustado-768x769.png\" class=\"attachment-medium_large size-medium_large wp-image-269\" alt=\"\" loading=\"lazy\" srcset=\"https:\/\/accionsg.crtvg.gal\/alimentacion\/wp-content\/uploads\/2020\/06\/G-branco-axustado-768x769.png 768w, https:\/\/accionsg.crtvg.gal\/alimentacion\/wp-content\/uploads\/2020\/06\/G-branco-axustado-300x300.png 300w, https:\/\/accionsg.crtvg.gal\/alimentacion\/wp-content\/uploads\/2020\/06\/G-branco-axustado-150x150.png 150w, https:\/\/accionsg.crtvg.gal\/alimentacion\/wp-content\/uploads\/2020\/06\/G-branco-axustado.png 843w\" sizes=\"(max-width: 750px) 100vw, 750px\" \/>\t\t\t\t\t\t\t\t\t\t\t\t\t\t\t<\/div>\n\t\t\t\t<\/div>\n\t\t\t\t<div class=\"elementor-element elementor-element-9c50790 elementor-widget elementor-widget-text-editor\" data-id=\"9c50790\" data-element_type=\"widget\" data-widget_type=\"text-editor.default\">\n\t\t\t\t<div class=\"elementor-widget-container\">\n\t\t\t\t\t\t\t\t\t\t\t\t\t<\/div>\n\t\t\t\t<\/div>\n\t\t\t\t\t<\/div>\n\t\t<\/div>\n\t\t\t\t\t\t\t<\/div>\n\t\t<\/section>\n\t\t\t\t<section class=\"elementor-section elementor-top-section elementor-element elementor-element-2bb7baa elementor-section-boxed elementor-section-height-default elementor-section-height-default\" data-id=\"2bb7baa\" data-element_type=\"section\" data-settings=\"{&quot;background_background&quot;:&quot;classic&quot;}\">\n\t\t\t\t\t\t<div class=\"elementor-container elementor-column-gap-default\">\n\t\t\t\t\t<div class=\"elementor-column elementor-col-100 elementor-top-column elementor-element elementor-element-60cb585\" data-id=\"60cb585\" data-element_type=\"column\">\n\t\t\t<div class=\"elementor-widget-wrap elementor-element-populated\">\n\t\t\t\t\t\t\t\t<div class=\"elementor-element elementor-element-a0832ed elementor-widget elementor-widget-image\" data-id=\"a0832ed\" data-element_type=\"widget\" data-widget_type=\"image.default\">\n\t\t\t\t<div class=\"elementor-widget-container\">\n\t\t\t\t\t\t\t\t\t\t\t\t\t\t\t\t<a href=\"https:\/\/www.undp.org\/content\/undp\/es\/home\/sustainable-development-goals.html\" target=\"_blank\">\n\t\t\t\t\t\t\t<img decoding=\"async\" width=\"300\" height=\"169\" src=\"https:\/\/accionsg.crtvg.gal\/alimentacion\/wp-content\/uploads\/2020\/06\/LOgo-cadrado-ODS-300x169.png\" class=\"attachment-medium size-medium wp-image-275\" alt=\"\" loading=\"lazy\" srcset=\"https:\/\/accionsg.crtvg.gal\/alimentacion\/wp-content\/uploads\/2020\/06\/LOgo-cadrado-ODS-300x169.png 300w, https:\/\/accionsg.crtvg.gal\/alimentacion\/wp-content\/uploads\/2020\/06\/LOgo-cadrado-ODS-1024x576.png 1024w, https:\/\/accionsg.crtvg.gal\/alimentacion\/wp-content\/uploads\/2020\/06\/LOgo-cadrado-ODS-768x432.png 768w, https:\/\/accionsg.crtvg.gal\/alimentacion\/wp-content\/uploads\/2020\/06\/LOgo-cadrado-ODS-1536x864.png 1536w, https:\/\/accionsg.crtvg.gal\/alimentacion\/wp-content\/uploads\/2020\/06\/LOgo-cadrado-ODS.png 2000w\" sizes=\"(max-width: 300px) 100vw, 300px\" \/>\t\t\t\t\t\t\t\t<\/a>\n\t\t\t\t\t\t\t\t\t\t\t\t\t\t\t<\/div>\n\t\t\t\t<\/div>\n\t\t\t\t\t<\/div>\n\t\t<\/div>\n\t\t\t\t\t\t\t<\/div>\n\t\t<\/section>\n\t\t\t\t<section class=\"elementor-section elementor-top-section elementor-element elementor-element-83b3a30 elementor-section-boxed elementor-section-height-default elementor-section-height-default\" data-id=\"83b3a30\" data-element_type=\"section\" data-settings=\"{&quot;background_background&quot;:&quot;classic&quot;}\">\n\t\t\t\t\t\t<div class=\"elementor-container elementor-column-gap-default\">\n\t\t\t\t\t<div class=\"elementor-column elementor-col-50 elementor-top-column elementor-element elementor-element-f3389d5\" data-id=\"f3389d5\" data-element_type=\"column\">\n\t\t\t<div class=\"elementor-widget-wrap elementor-element-populated\">\n\t\t\t\t\t\t\t\t<div class=\"elementor-element elementor-element-eceebc9 e-grid-align-left elementor-shape-rounded elementor-grid-0 elementor-widget elementor-widget-social-icons\" data-id=\"eceebc9\" data-element_type=\"widget\" data-widget_type=\"social-icons.default\">\n\t\t\t\t<div class=\"elementor-widget-container\">\n\t\t\t\t\t<div class=\"elementor-social-icons-wrapper elementor-grid\">\n\t\t\t\t\t\t\t<span class=\"elementor-grid-item\">\n\t\t\t\t\t<a class=\"elementor-icon elementor-social-icon elementor-social-icon-facebook elementor-repeater-item-cf337e6\" href=\"https:\/\/www.facebook.com\/televisiondegalicia\/\" target=\"_blank\">\n\t\t\t\t\t\t<span class=\"elementor-screen-only\">Facebook<\/span>\n\t\t\t\t\t\t\t\t\t\t\t\t\t<i class=\"fa fa-facebook\"><\/i>\n\t\t\t\t\t\t\t\t\t\t\t<\/a>\n\t\t\t\t<\/span>\n\t\t\t\t\t\t\t<span class=\"elementor-grid-item\">\n\t\t\t\t\t<a class=\"elementor-icon elementor-social-icon elementor-social-icon-twitter elementor-repeater-item-463d8a3\" href=\"https:\/\/twitter.com\/tvgalicia\" target=\"_blank\">\n\t\t\t\t\t\t<span class=\"elementor-screen-only\">Twitter<\/span>\n\t\t\t\t\t\t\t\t\t\t\t\t\t<i class=\"fa fa-twitter\"><\/i>\n\t\t\t\t\t\t\t\t\t\t\t<\/a>\n\t\t\t\t<\/span>\n\t\t\t\t\t\t\t<span class=\"elementor-grid-item\">\n\t\t\t\t\t<a class=\"elementor-icon elementor-social-icon elementor-social-icon-instagram elementor-repeater-item-215f255\" href=\"https:\/\/www.instagram.com\/tvgalicia\/\" target=\"_blank\">\n\t\t\t\t\t\t<span class=\"elementor-screen-only\">Instagram<\/span>\n\t\t\t\t\t\t\t\t\t\t\t\t\t<i class=\"fa fa-instagram\"><\/i>\n\t\t\t\t\t\t\t\t\t\t\t<\/a>\n\t\t\t\t<\/span>\n\t\t\t\t\t<\/div>\n\t\t\t\t<\/div>\n\t\t\t\t<\/div>\n\t\t\t\t\t<\/div>\n\t\t<\/div>\n\t\t\t\t<div class=\"elementor-column elementor-col-50 elementor-top-column elementor-element elementor-element-474a457\" data-id=\"474a457\" data-element_type=\"column\">\n\t\t\t<div class=\"elementor-widget-wrap elementor-element-populated\">\n\t\t\t\t\t\t\t\t<div class=\"elementor-element elementor-element-b808ae0 elementor-widget elementor-widget-image\" data-id=\"b808ae0\" data-element_type=\"widget\" data-widget_type=\"image.default\">\n\t\t\t\t<div class=\"elementor-widget-container\">\n\t\t\t\t\t\t\t\t\t\t\t\t\t\t\t\t<a href=\"http:\/\/www.crtvg.gal\/\">\n\t\t\t\t\t\t\t<img decoding=\"async\" width=\"300\" height=\"150\" src=\"https:\/\/accionsg.crtvg.gal\/alimentacion\/wp-content\/uploads\/2019\/05\/CRTVG-transparente-300x150-300x150.png\" class=\"attachment-medium size-medium wp-image-250\" alt=\"\" loading=\"lazy\" \/>\t\t\t\t\t\t\t\t<\/a>\n\t\t\t\t\t\t\t\t\t\t\t\t\t\t\t<\/div>\n\t\t\t\t<\/div>\n\t\t\t\t\t<\/div>\n\t\t<\/div>\n\t\t\t\t\t\t\t<\/div>\n\t\t<\/section>\n\t\t\t\t\t\t\t<\/div>\n\t\t","protected":false},"excerpt":{"rendered":"<p>D\u00eda Mundial da Alimentaci\u00f3n No marco das s\u00faas #Acci\u00f3nsG de Responsabilidade Social Corporativa, a CRTVG lanza #Po\u00f1\u00e1moloACero, unha campa\u00f1a de sensibilizaci\u00f3n arredor do D\u00eda Mundial da Alimentaci\u00f3n, no que a ONU visibiliza a necesidade de reducir o desperdicio alimentario cifrado a nivel mundial no 17% entre os fogares, a restauraci\u00f3n [&hellip;]<\/p>\n","protected":false},"author":1,"featured_media":0,"parent":0,"menu_order":0,"comment_status":"closed","ping_status":"closed","template":"page-templates\/template-pagebuilder-full-width.php","meta":[],"_links":{"self":[{"href":"https:\/\/accionsg.crtvg.gal\/alimentacion\/wp-json\/wp\/v2\/pages\/139"}],"collection":[{"href":"https:\/\/accionsg.crtvg.gal\/alimentacion\/wp-json\/wp\/v2\/pages"}],"about":[{"href":"https:\/\/accionsg.crtvg.gal\/alimentacion\/wp-json\/wp\/v2\/types\/page"}],"author":[{"embeddable":true,"href":"https:\/\/accionsg.crtvg.gal\/alimentacion\/wp-json\/wp\/v2\/users\/1"}],"replies":[{"embeddable":true,"href":"https:\/\/accionsg.crtvg.gal\/alimentacion\/wp-json\/wp\/v2\/comments?post=139"}],"version-history":[{"count":158,"href":"https:\/\/accionsg.crtvg.gal\/alimentacion\/wp-json\/wp\/v2\/pages\/139\/revisions"}],"predecessor-version":[{"id":469,"href":"https:\/\/accionsg.crtvg.gal\/alimentacion\/wp-json\/wp\/v2\/pages\/139\/revisions\/469"}],"wp:attachment":[{"href":"https:\/\/accionsg.crtvg.gal\/alimentacion\/wp-json\/wp\/v2\/media?parent=139"}],"curies":[{"name":"wp","href":"https:\/\/api.w.org\/{rel}","templated":true}]}}