{"id":139,"date":"2018-07-01T08:42:23","date_gmt":"2018-07-01T08:42:23","guid":{"rendered":"https:\/\/demo.themeinwp.com\/infinity-mag\/?page_id=32"},"modified":"2022-05-19T11:29:26","modified_gmt":"2022-05-19T09:29:26","slug":"homepage","status":"publish","type":"page","link":"https:\/\/accionsg.crtvg.gal\/letrasgalegas2022\/","title":{"rendered":"Homepage"},"content":{"rendered":"\t\t<div data-elementor-type=\"wp-post\" data-elementor-id=\"139\" class=\"elementor elementor-139\" data-elementor-settings=\"[]\">\n\t\t\t\t\t\t<div class=\"elementor-inner\">\n\t\t\t\t\t\t\t<div class=\"elementor-section-wrap\">\n\t\t\t\t\t\t\t<section class=\"elementor-section elementor-top-section elementor-element elementor-element-326b33b elementor-section-boxed elementor-section-height-default elementor-section-height-default\" data-id=\"326b33b\" data-element_type=\"section\" data-settings=\"{&quot;background_background&quot;:&quot;classic&quot;}\">\n\t\t\t\t\t\t<div class=\"elementor-container elementor-column-gap-default\">\n\t\t\t\t\t\t\t<div class=\"elementor-row\">\n\t\t\t\t\t<div class=\"elementor-column elementor-col-100 elementor-top-column elementor-element elementor-element-f65b5c3\" data-id=\"f65b5c3\" data-element_type=\"column\">\n\t\t\t<div class=\"elementor-column-wrap elementor-element-populated\">\n\t\t\t\t\t\t\t<div class=\"elementor-widget-wrap\">\n\t\t\t\t\t\t<section class=\"elementor-section elementor-inner-section elementor-element elementor-element-e5a3367 elementor-section-boxed elementor-section-height-default elementor-section-height-default\" data-id=\"e5a3367\" data-element_type=\"section\">\n\t\t\t\t\t\t<div class=\"elementor-container elementor-column-gap-default\">\n\t\t\t\t\t\t\t<div class=\"elementor-row\">\n\t\t\t\t\t<div class=\"elementor-column elementor-col-100 elementor-inner-column elementor-element elementor-element-da74ebc\" data-id=\"da74ebc\" data-element_type=\"column\">\n\t\t\t<div class=\"elementor-column-wrap elementor-element-populated\">\n\t\t\t\t\t\t\t<div class=\"elementor-widget-wrap\">\n\t\t\t\t\t\t<div class=\"elementor-element elementor-element-b2b766d elementor-widget elementor-widget-image\" data-id=\"b2b766d\" data-element_type=\"widget\" data-widget_type=\"image.default\">\n\t\t\t\t<div class=\"elementor-widget-container\">\n\t\t\t\t\t\t\t\t<div class=\"elementor-image\">\n\t\t\t\t\t\t\t\t\t\t\t\t<img width=\"750\" height=\"422\" src=\"https:\/\/accionsg.crtvg.gal\/letrasgalegas2022\/wp-content\/uploads\/2022\/05\/Cartela-16-9-Web-1024x576.png\" class=\"attachment-large size-large\" alt=\"\" loading=\"lazy\" srcset=\"https:\/\/accionsg.crtvg.gal\/letrasgalegas2022\/wp-content\/uploads\/2022\/05\/Cartela-16-9-Web-1024x576.png 1024w, https:\/\/accionsg.crtvg.gal\/letrasgalegas2022\/wp-content\/uploads\/2022\/05\/Cartela-16-9-Web-300x169.png 300w, https:\/\/accionsg.crtvg.gal\/letrasgalegas2022\/wp-content\/uploads\/2022\/05\/Cartela-16-9-Web-768x432.png 768w, https:\/\/accionsg.crtvg.gal\/letrasgalegas2022\/wp-content\/uploads\/2022\/05\/Cartela-16-9-Web-1536x864.png 1536w, https:\/\/accionsg.crtvg.gal\/letrasgalegas2022\/wp-content\/uploads\/2022\/05\/Cartela-16-9-Web.png 1920w\" sizes=\"(max-width: 750px) 100vw, 750px\" \/>\t\t\t\t\t\t\t\t\t\t\t\t\t\t<\/div>\n\t\t\t\t\t\t<\/div>\n\t\t\t\t<\/div>\n\t\t\t\t<div class=\"elementor-element elementor-element-d7ca39e elementor-widget elementor-widget-text-editor\" data-id=\"d7ca39e\" data-element_type=\"widget\" data-widget_type=\"text-editor.default\">\n\t\t\t\t<div class=\"elementor-widget-container\">\n\t\t\t\t\t\t\t\t<div class=\"elementor-text-editor elementor-clearfix\">\n\t\t\t\t<p>\u00a0CRTVG \u00e9 socia do Pacto Mundial das Naci\u00f3ns Unidas e encadra as s\u00faas acci\u00f3ns de Responsabilidade Social Corporativa no marco dos Obxectivos de Desenvolvemento Sustentable (ODS) de Naci\u00f3ns Unidas. Esta nova acci\u00f3n que a CRTVG pon en marcha arredor do D\u00eda das Letras Galegas 2022 enm\u00e1rcase dentro do ODS n\u00famero catro que fai referencia a unha Educaci\u00f3n de Calidade.<\/p>\t\t\t\t\t<\/div>\n\t\t\t\t\t\t<\/div>\n\t\t\t\t<\/div>\n\t\t\t\t\t\t<\/div>\n\t\t\t\t\t<\/div>\n\t\t<\/div>\n\t\t\t\t\t\t\t\t<\/div>\n\t\t\t\t\t<\/div>\n\t\t<\/section>\n\t\t\t\t\t\t<\/div>\n\t\t\t\t\t<\/div>\n\t\t<\/div>\n\t\t\t\t\t\t\t\t<\/div>\n\t\t\t\t\t<\/div>\n\t\t<\/section>\n\t\t\t\t<section class=\"elementor-section elementor-top-section elementor-element elementor-element-905b6a6 elementor-section-boxed elementor-section-height-default elementor-section-height-default\" data-id=\"905b6a6\" data-element_type=\"section\" data-settings=\"{&quot;background_background&quot;:&quot;classic&quot;}\">\n\t\t\t\t\t\t<div class=\"elementor-container elementor-column-gap-default\">\n\t\t\t\t\t\t\t<div class=\"elementor-row\">\n\t\t\t\t\t<div class=\"elementor-column elementor-col-100 elementor-top-column elementor-element elementor-element-5e1ceba\" data-id=\"5e1ceba\" data-element_type=\"column\" data-settings=\"{&quot;background_background&quot;:&quot;classic&quot;}\">\n\t\t\t<div class=\"elementor-column-wrap elementor-element-populated\">\n\t\t\t\t\t\t\t<div class=\"elementor-widget-wrap\">\n\t\t\t\t\t\t<div class=\"elementor-element elementor-element-dda4462 elementor-aspect-ratio-169 elementor-widget elementor-widget-video\" data-id=\"dda4462\" data-element_type=\"widget\" data-settings=\"{&quot;video_type&quot;:&quot;vimeo&quot;,&quot;aspect_ratio&quot;:&quot;169&quot;}\" data-widget_type=\"video.default\">\n\t\t\t\t<div class=\"elementor-widget-container\">\n\t\t\t\t\t<div class=\"elementor-wrapper elementor-fit-aspect-ratio elementor-open-inline\">\n\t\t\t<iframe class=\"elementor-video-iframe\" allowfullscreen title=\"Reproductor de v\u00eddeo youtube\" src=\"https:\/\/www.youtube.com\/embed\/TMpGTO-pyhA?feature=oembed&amp;color&amp;autopause=0&amp;loop=0&amp;muted=0&amp;title=1&amp;portrait=1&amp;byline=1\"><\/iframe>\t\t<\/div>\n\t\t\t\t<\/div>\n\t\t\t\t<\/div>\n\t\t\t\t\t\t<\/div>\n\t\t\t\t\t<\/div>\n\t\t<\/div>\n\t\t\t\t\t\t\t\t<\/div>\n\t\t\t\t\t<\/div>\n\t\t<\/section>\n\t\t\t\t<section class=\"elementor-section elementor-top-section elementor-element elementor-element-fe42d54 elementor-section-boxed elementor-section-height-default elementor-section-height-default\" data-id=\"fe42d54\" data-element_type=\"section\" data-settings=\"{&quot;background_background&quot;:&quot;classic&quot;}\">\n\t\t\t\t\t\t<div class=\"elementor-container elementor-column-gap-default\">\n\t\t\t\t\t\t\t<div class=\"elementor-row\">\n\t\t\t\t\t<div class=\"elementor-column elementor-col-33 elementor-top-column elementor-element elementor-element-48a7440\" data-id=\"48a7440\" data-element_type=\"column\">\n\t\t\t<div class=\"elementor-column-wrap elementor-element-populated\">\n\t\t\t\t\t\t\t<div class=\"elementor-widget-wrap\">\n\t\t\t\t\t\t<div class=\"elementor-element elementor-element-ece1f2b elementor-aspect-ratio-169 elementor-widget elementor-widget-video\" data-id=\"ece1f2b\" data-element_type=\"widget\" data-settings=\"{&quot;youtube_url&quot;:&quot;https:\\\/\\\/youtu.be\\\/mh_q3XzilPY&quot;,&quot;video_type&quot;:&quot;youtube&quot;,&quot;controls&quot;:&quot;yes&quot;,&quot;aspect_ratio&quot;:&quot;169&quot;}\" data-widget_type=\"video.default\">\n\t\t\t\t<div class=\"elementor-widget-container\">\n\t\t\t\t\t<div class=\"elementor-wrapper elementor-fit-aspect-ratio elementor-open-inline\">\n\t\t\t<div class=\"elementor-video\"><\/div>\t\t<\/div>\n\t\t\t\t<\/div>\n\t\t\t\t<\/div>\n\t\t\t\t\t\t<\/div>\n\t\t\t\t\t<\/div>\n\t\t<\/div>\n\t\t\t\t<div class=\"elementor-column elementor-col-33 elementor-top-column elementor-element elementor-element-f00bc67\" data-id=\"f00bc67\" data-element_type=\"column\">\n\t\t\t<div class=\"elementor-column-wrap elementor-element-populated\">\n\t\t\t\t\t\t\t<div class=\"elementor-widget-wrap\">\n\t\t\t\t\t\t<div class=\"elementor-element elementor-element-0ae43c9 elementor-aspect-ratio-169 elementor-widget elementor-widget-video\" data-id=\"0ae43c9\" data-element_type=\"widget\" data-settings=\"{&quot;youtube_url&quot;:&quot;https:\\\/\\\/www.youtube.com\\\/watch?v=_Q929-c1wRI&quot;,&quot;video_type&quot;:&quot;youtube&quot;,&quot;controls&quot;:&quot;yes&quot;,&quot;aspect_ratio&quot;:&quot;169&quot;}\" data-widget_type=\"video.default\">\n\t\t\t\t<div class=\"elementor-widget-container\">\n\t\t\t\t\t<div class=\"elementor-wrapper elementor-fit-aspect-ratio elementor-open-inline\">\n\t\t\t<div class=\"elementor-video\"><\/div>\t\t<\/div>\n\t\t\t\t<\/div>\n\t\t\t\t<\/div>\n\t\t\t\t\t\t<\/div>\n\t\t\t\t\t<\/div>\n\t\t<\/div>\n\t\t\t\t<div class=\"elementor-column elementor-col-33 elementor-top-column elementor-element elementor-element-a4cfa34\" data-id=\"a4cfa34\" data-element_type=\"column\">\n\t\t\t<div class=\"elementor-column-wrap elementor-element-populated\">\n\t\t\t\t\t\t\t<div class=\"elementor-widget-wrap\">\n\t\t\t\t\t\t<div class=\"elementor-element elementor-element-a85e405 elementor-aspect-ratio-169 elementor-widget elementor-widget-video\" data-id=\"a85e405\" data-element_type=\"widget\" data-settings=\"{&quot;youtube_url&quot;:&quot;https:\\\/\\\/youtu.be\\\/tTAVU4UypXo&quot;,&quot;video_type&quot;:&quot;youtube&quot;,&quot;controls&quot;:&quot;yes&quot;,&quot;aspect_ratio&quot;:&quot;169&quot;}\" data-widget_type=\"video.default\">\n\t\t\t\t<div class=\"elementor-widget-container\">\n\t\t\t\t\t<div class=\"elementor-wrapper elementor-fit-aspect-ratio elementor-open-inline\">\n\t\t\t<div class=\"elementor-video\"><\/div>\t\t<\/div>\n\t\t\t\t<\/div>\n\t\t\t\t<\/div>\n\t\t\t\t\t\t<\/div>\n\t\t\t\t\t<\/div>\n\t\t<\/div>\n\t\t\t\t\t\t\t\t<\/div>\n\t\t\t\t\t<\/div>\n\t\t<\/section>\n\t\t\t\t<section class=\"elementor-section elementor-top-section elementor-element elementor-element-fc2d396 elementor-section-boxed elementor-section-height-default elementor-section-height-default\" data-id=\"fc2d396\" data-element_type=\"section\" data-settings=\"{&quot;background_background&quot;:&quot;classic&quot;}\">\n\t\t\t\t\t\t<div class=\"elementor-container elementor-column-gap-default\">\n\t\t\t\t\t\t\t<div class=\"elementor-row\">\n\t\t\t\t\t<div class=\"elementor-column elementor-col-100 elementor-top-column elementor-element elementor-element-477c397\" data-id=\"477c397\" data-element_type=\"column\">\n\t\t\t<div class=\"elementor-column-wrap elementor-element-populated\">\n\t\t\t\t\t\t\t<div class=\"elementor-widget-wrap\">\n\t\t\t\t\t\t<div class=\"elementor-element elementor-element-ea588b9 elementor-widget elementor-widget-image\" data-id=\"ea588b9\" data-element_type=\"widget\" data-widget_type=\"image.default\">\n\t\t\t\t<div class=\"elementor-widget-container\">\n\t\t\t\t\t\t\t\t<div class=\"elementor-image\">\n\t\t\t\t\t\t\t\t\t\t\t\t\t<a href=\"http:\/\/www.diariocultural.gal\/delgado-gurriaran-2022\/\">\n\t\t\t\t\t\t\t<img width=\"300\" height=\"201\" src=\"https:\/\/accionsg.crtvg.gal\/letrasgalegas2022\/wp-content\/uploads\/2020\/06\/diario-cultural-branco-alpha-300x201.png\" class=\"attachment-medium size-medium\" alt=\"\" loading=\"lazy\" srcset=\"https:\/\/accionsg.crtvg.gal\/letrasgalegas2022\/wp-content\/uploads\/2020\/06\/diario-cultural-branco-alpha-300x201.png 300w, https:\/\/accionsg.crtvg.gal\/letrasgalegas2022\/wp-content\/uploads\/2020\/06\/diario-cultural-branco-alpha-1024x687.png 1024w, https:\/\/accionsg.crtvg.gal\/letrasgalegas2022\/wp-content\/uploads\/2020\/06\/diario-cultural-branco-alpha-768x515.png 768w, https:\/\/accionsg.crtvg.gal\/letrasgalegas2022\/wp-content\/uploads\/2020\/06\/diario-cultural-branco-alpha-1536x1030.png 1536w, https:\/\/accionsg.crtvg.gal\/letrasgalegas2022\/wp-content\/uploads\/2020\/06\/diario-cultural-branco-alpha-360x240.png 360w, https:\/\/accionsg.crtvg.gal\/letrasgalegas2022\/wp-content\/uploads\/2020\/06\/diario-cultural-branco-alpha.png 1954w\" sizes=\"(max-width: 300px) 100vw, 300px\" \/>\t\t\t\t\t\t\t\t<\/a>\n\t\t\t\t\t\t\t\t\t\t\t\t\t\t<\/div>\n\t\t\t\t\t\t<\/div>\n\t\t\t\t<\/div>\n\t\t\t\t<div class=\"elementor-element elementor-element-f4dd793 elementor-widget elementor-widget-heading\" data-id=\"f4dd793\" data-element_type=\"widget\" data-widget_type=\"heading.default\">\n\t\t\t\t<div class=\"elementor-widget-container\">\n\t\t\t<h2 class=\"elementor-heading-title elementor-size-default\"><a href=\"http:\/\/www.diariocultural.gal\/delgado-gurriaran-2022\/\">Programaci\u00f3n monogr\u00e1fica dedicada ao poeta<\/a><\/h2>\t\t<\/div>\n\t\t\t\t<\/div>\n\t\t\t\t\t\t<\/div>\n\t\t\t\t\t<\/div>\n\t\t<\/div>\n\t\t\t\t\t\t\t\t<\/div>\n\t\t\t\t\t<\/div>\n\t\t<\/section>\n\t\t\t\t<section class=\"elementor-section elementor-top-section elementor-element elementor-element-4ef108c elementor-section-boxed elementor-section-height-default elementor-section-height-default\" data-id=\"4ef108c\" data-element_type=\"section\">\n\t\t\t\t\t\t<div class=\"elementor-container elementor-column-gap-default\">\n\t\t\t\t\t\t\t<div class=\"elementor-row\">\n\t\t\t\t\t<div class=\"elementor-column elementor-col-33 elementor-top-column elementor-element elementor-element-302689b\" data-id=\"302689b\" data-element_type=\"column\">\n\t\t\t<div class=\"elementor-column-wrap elementor-element-populated\">\n\t\t\t\t\t\t\t<div class=\"elementor-widget-wrap\">\n\t\t\t\t\t\t<div class=\"elementor-element elementor-element-4117e79 elementor-position-top elementor-vertical-align-top elementor-widget elementor-widget-image-box\" data-id=\"4117e79\" data-element_type=\"widget\" data-widget_type=\"image-box.default\">\n\t\t\t\t<div class=\"elementor-widget-container\">\n\t\t\t<div class=\"elementor-image-box-wrapper\"><figure class=\"elementor-image-box-img\"><a href=\"https:\/\/academia.gal\/inicio\"><img width=\"369\" height=\"76\" src=\"https:\/\/accionsg.crtvg.gal\/letrasgalegas2022\/wp-content\/uploads\/2019\/05\/simboloAcademia.png\" class=\"attachment-medium_large size-medium_large\" alt=\"\" loading=\"lazy\" \/><\/a><\/figure><div class=\"elementor-image-box-content\"><h1 class=\"elementor-image-box-title\"><a href=\"https:\/\/academia.gal\/inicio\">Real Academia Galega<\/a><\/h1><p class=\"elementor-image-box-description\">A p\u00e1xina da Real Academia Galega ofrece unha extensa escolma de artigos sobre a vida, obra e influenza de Antonio Fraguas<\/p><\/div><\/div>\t\t<\/div>\n\t\t\t\t<\/div>\n\t\t\t\t\t\t<\/div>\n\t\t\t\t\t<\/div>\n\t\t<\/div>\n\t\t\t\t<div class=\"elementor-column elementor-col-33 elementor-top-column elementor-element elementor-element-2c3131b\" data-id=\"2c3131b\" data-element_type=\"column\">\n\t\t\t<div class=\"elementor-column-wrap elementor-element-populated\">\n\t\t\t\t\t\t\t<div class=\"elementor-widget-wrap\">\n\t\t\t\t\t\t<div class=\"elementor-element elementor-element-f43125e elementor-position-top elementor-vertical-align-top elementor-widget elementor-widget-image-box\" data-id=\"f43125e\" data-element_type=\"widget\" data-widget_type=\"image-box.default\">\n\t\t\t\t<div class=\"elementor-widget-container\">\n\t\t\t<div class=\"elementor-image-box-wrapper\"><figure class=\"elementor-image-box-img\"><a href=\"http:\/\/museodopobo.gal\/\" target=\"_blank\"><img width=\"238\" height=\"36\" src=\"https:\/\/accionsg.crtvg.gal\/letrasgalegas2022\/wp-content\/uploads\/2019\/05\/logo-Museo-pobo-galego.jpg\" class=\"attachment-full size-full\" alt=\"\" loading=\"lazy\" \/><\/a><\/figure><div class=\"elementor-image-box-content\"><h3 class=\"elementor-image-box-title\"><a href=\"http:\/\/museodopobo.gal\/\" target=\"_blank\">Museo do Pobo Galego<\/a><\/h3><p class=\"elementor-image-box-description\">O Padroado do Museo do Pobo Galego ten como obxectivos investigar, conservar, divulgar,\ndefender e promover a cultura galega\nen todos os seus eidos \t\t\t\t\t\t\t<\/p><\/div><\/div>\t\t<\/div>\n\t\t\t\t<\/div>\n\t\t\t\t\t\t<\/div>\n\t\t\t\t\t<\/div>\n\t\t<\/div>\n\t\t\t\t<div class=\"elementor-column elementor-col-33 elementor-top-column elementor-element elementor-element-7c081d2\" data-id=\"7c081d2\" data-element_type=\"column\">\n\t\t\t<div class=\"elementor-column-wrap elementor-element-populated\">\n\t\t\t\t\t\t\t<div class=\"elementor-widget-wrap\">\n\t\t\t\t\t\t<div class=\"elementor-element elementor-element-2adb52a elementor-position-top elementor-vertical-align-top elementor-widget elementor-widget-image-box\" data-id=\"2adb52a\" data-element_type=\"widget\" data-widget_type=\"image-box.default\">\n\t\t\t\t<div class=\"elementor-widget-container\">\n\t\t\t<div class=\"elementor-image-box-wrapper\"><figure class=\"elementor-image-box-img\"><a href=\"https:\/\/www.lingua.gal\/portada\" target=\"_blank\"><img width=\"205\" height=\"95\" src=\"https:\/\/accionsg.crtvg.gal\/letrasgalegas2022\/wp-content\/uploads\/2019\/05\/portal-das-palabras.png\" class=\"attachment-full size-full\" alt=\"\" loading=\"lazy\" \/><\/a><\/figure><div class=\"elementor-image-box-content\"><h3 class=\"elementor-image-box-title\"><a href=\"https:\/\/www.lingua.gal\/portada\" target=\"_blank\">Programa de actos oficiais<\/a><\/h3><p class=\"elementor-image-box-description\">Informaci\u00f3n sobre os actos conmemorativos arredor do d\u00eda 17 de maio, con especial atenci\u00f3n \u00e1s actividades desenvolvidas no eido educativo<\/p><\/div><\/div>\t\t<\/div>\n\t\t\t\t<\/div>\n\t\t\t\t\t\t<\/div>\n\t\t\t\t\t<\/div>\n\t\t<\/div>\n\t\t\t\t\t\t\t\t<\/div>\n\t\t\t\t\t<\/div>\n\t\t<\/section>\n\t\t\t\t<section class=\"elementor-section elementor-top-section elementor-element elementor-element-2bb7baa elementor-section-boxed elementor-section-height-default elementor-section-height-default\" data-id=\"2bb7baa\" data-element_type=\"section\">\n\t\t\t\t\t\t<div class=\"elementor-container elementor-column-gap-default\">\n\t\t\t\t\t\t\t<div class=\"elementor-row\">\n\t\t\t\t\t<div class=\"elementor-column elementor-col-100 elementor-top-column elementor-element elementor-element-60cb585\" data-id=\"60cb585\" data-element_type=\"column\">\n\t\t\t<div class=\"elementor-column-wrap elementor-element-populated\">\n\t\t\t\t\t\t\t<div class=\"elementor-widget-wrap\">\n\t\t\t\t\t\t<div class=\"elementor-element elementor-element-a0832ed elementor-widget elementor-widget-image\" data-id=\"a0832ed\" data-element_type=\"widget\" data-widget_type=\"image.default\">\n\t\t\t\t<div class=\"elementor-widget-container\">\n\t\t\t\t\t\t\t\t<div class=\"elementor-image\">\n\t\t\t\t\t\t\t\t\t\t\t\t\t<a href=\"https:\/\/www.undp.org\/content\/undp\/es\/home\/sustainable-development-goals.html\" target=\"_blank\">\n\t\t\t\t\t\t\t<img width=\"300\" height=\"169\" src=\"https:\/\/accionsg.crtvg.gal\/letrasgalegas2022\/wp-content\/uploads\/2020\/06\/LOgo-cadrado-ODS-300x169.png\" class=\"attachment-medium size-medium\" alt=\"\" loading=\"lazy\" srcset=\"https:\/\/accionsg.crtvg.gal\/letrasgalegas2022\/wp-content\/uploads\/2020\/06\/LOgo-cadrado-ODS-300x169.png 300w, https:\/\/accionsg.crtvg.gal\/letrasgalegas2022\/wp-content\/uploads\/2020\/06\/LOgo-cadrado-ODS-1024x576.png 1024w, https:\/\/accionsg.crtvg.gal\/letrasgalegas2022\/wp-content\/uploads\/2020\/06\/LOgo-cadrado-ODS-768x432.png 768w, https:\/\/accionsg.crtvg.gal\/letrasgalegas2022\/wp-content\/uploads\/2020\/06\/LOgo-cadrado-ODS-1536x864.png 1536w, https:\/\/accionsg.crtvg.gal\/letrasgalegas2022\/wp-content\/uploads\/2020\/06\/LOgo-cadrado-ODS.png 2000w\" sizes=\"(max-width: 300px) 100vw, 300px\" \/>\t\t\t\t\t\t\t\t<\/a>\n\t\t\t\t\t\t\t\t\t\t\t\t\t\t<\/div>\n\t\t\t\t\t\t<\/div>\n\t\t\t\t<\/div>\n\t\t\t\t\t\t<\/div>\n\t\t\t\t\t<\/div>\n\t\t<\/div>\n\t\t\t\t\t\t\t\t<\/div>\n\t\t\t\t\t<\/div>\n\t\t<\/section>\n\t\t\t\t<section class=\"elementor-section elementor-top-section elementor-element elementor-element-83b3a30 elementor-section-boxed elementor-section-height-default elementor-section-height-default\" data-id=\"83b3a30\" data-element_type=\"section\" data-settings=\"{&quot;background_background&quot;:&quot;classic&quot;}\">\n\t\t\t\t\t\t<div class=\"elementor-container elementor-column-gap-default\">\n\t\t\t\t\t\t\t<div class=\"elementor-row\">\n\t\t\t\t\t<div class=\"elementor-column elementor-col-50 elementor-top-column elementor-element elementor-element-f3389d5\" data-id=\"f3389d5\" data-element_type=\"column\">\n\t\t\t<div class=\"elementor-column-wrap elementor-element-populated\">\n\t\t\t\t\t\t\t<div class=\"elementor-widget-wrap\">\n\t\t\t\t\t\t<div class=\"elementor-element elementor-element-eceebc9 e-grid-align-left elementor-shape-rounded elementor-grid-0 elementor-widget elementor-widget-social-icons\" data-id=\"eceebc9\" data-element_type=\"widget\" data-widget_type=\"social-icons.default\">\n\t\t\t\t<div class=\"elementor-widget-container\">\n\t\t\t\t\t<div class=\"elementor-social-icons-wrapper elementor-grid\">\n\t\t\t\t\t\t\t<span class=\"elementor-grid-item\">\n\t\t\t\t\t<a class=\"elementor-icon elementor-social-icon elementor-social-icon-facebook elementor-repeater-item-cf337e6\" href=\"https:\/\/www.facebook.com\/televisiondegalicia\/\" target=\"_blank\">\n\t\t\t\t\t\t<span class=\"elementor-screen-only\">Facebook<\/span>\n\t\t\t\t\t\t\t\t\t\t\t\t\t<i class=\"fa fa-facebook\"><\/i>\n\t\t\t\t\t\t\t\t\t\t\t<\/a>\n\t\t\t\t<\/span>\n\t\t\t\t\t\t\t<span class=\"elementor-grid-item\">\n\t\t\t\t\t<a class=\"elementor-icon elementor-social-icon elementor-social-icon-twitter elementor-repeater-item-463d8a3\" href=\"https:\/\/twitter.com\/tvgalicia\" target=\"_blank\">\n\t\t\t\t\t\t<span class=\"elementor-screen-only\">Twitter<\/span>\n\t\t\t\t\t\t\t\t\t\t\t\t\t<i class=\"fa fa-twitter\"><\/i>\n\t\t\t\t\t\t\t\t\t\t\t<\/a>\n\t\t\t\t<\/span>\n\t\t\t\t\t\t\t<span class=\"elementor-grid-item\">\n\t\t\t\t\t<a class=\"elementor-icon elementor-social-icon elementor-social-icon-instagram elementor-repeater-item-215f255\" href=\"https:\/\/www.instagram.com\/tvgalicia\/\" target=\"_blank\">\n\t\t\t\t\t\t<span class=\"elementor-screen-only\">Instagram<\/span>\n\t\t\t\t\t\t\t\t\t\t\t\t\t<i class=\"fa fa-instagram\"><\/i>\n\t\t\t\t\t\t\t\t\t\t\t<\/a>\n\t\t\t\t<\/span>\n\t\t\t\t\t<\/div>\n\t\t\t\t<\/div>\n\t\t\t\t<\/div>\n\t\t\t\t\t\t<\/div>\n\t\t\t\t\t<\/div>\n\t\t<\/div>\n\t\t\t\t<div class=\"elementor-column elementor-col-50 elementor-top-column elementor-element elementor-element-474a457\" data-id=\"474a457\" data-element_type=\"column\">\n\t\t\t<div class=\"elementor-column-wrap elementor-element-populated\">\n\t\t\t\t\t\t\t<div class=\"elementor-widget-wrap\">\n\t\t\t\t\t\t<div class=\"elementor-element elementor-element-b808ae0 elementor-widget elementor-widget-image\" data-id=\"b808ae0\" data-element_type=\"widget\" data-widget_type=\"image.default\">\n\t\t\t\t<div class=\"elementor-widget-container\">\n\t\t\t\t\t\t\t\t<div class=\"elementor-image\">\n\t\t\t\t\t\t\t\t\t\t\t\t\t<a href=\"http:\/\/www.crtvg.gal\/\">\n\t\t\t\t\t\t\t<img width=\"300\" height=\"150\" src=\"https:\/\/accionsg.crtvg.gal\/letrasgalegas2022\/wp-content\/uploads\/2019\/05\/CRTVG-transparente-300x150-300x150.png\" class=\"attachment-medium size-medium\" alt=\"\" loading=\"lazy\" \/>\t\t\t\t\t\t\t\t<\/a>\n\t\t\t\t\t\t\t\t\t\t\t\t\t\t<\/div>\n\t\t\t\t\t\t<\/div>\n\t\t\t\t<\/div>\n\t\t\t\t\t\t<\/div>\n\t\t\t\t\t<\/div>\n\t\t<\/div>\n\t\t\t\t\t\t\t\t<\/div>\n\t\t\t\t\t<\/div>\n\t\t<\/section>\n\t\t\t\t<section class=\"elementor-section elementor-top-section elementor-element elementor-element-8517f8a elementor-section-boxed elementor-section-height-default elementor-section-height-default\" data-id=\"8517f8a\" data-element_type=\"section\">\n\t\t\t\t\t\t<div class=\"elementor-container elementor-column-gap-default\">\n\t\t\t\t\t\t\t<div class=\"elementor-row\">\n\t\t\t\t\t<div class=\"elementor-column elementor-col-100 elementor-top-column elementor-element elementor-element-3a058bb\" data-id=\"3a058bb\" data-element_type=\"column\">\n\t\t\t<div class=\"elementor-column-wrap elementor-element-populated\">\n\t\t\t\t\t\t\t<div class=\"elementor-widget-wrap\">\n\t\t\t\t\t\t<div class=\"elementor-element elementor-element-e466259 elementor-aspect-ratio-169 elementor-widget elementor-widget-video\" data-id=\"e466259\" data-element_type=\"widget\" data-settings=\"{&quot;youtube_url&quot;:&quot;https:\\\/\\\/www.youtube.com\\\/watch?v=XHOmBV4js_E&quot;,&quot;video_type&quot;:&quot;youtube&quot;,&quot;controls&quot;:&quot;yes&quot;,&quot;aspect_ratio&quot;:&quot;169&quot;}\" data-widget_type=\"video.default\">\n\t\t\t\t<div class=\"elementor-widget-container\">\n\t\t\t\t\t<div class=\"elementor-wrapper elementor-fit-aspect-ratio elementor-open-inline\">\n\t\t\t<div class=\"elementor-video\"><\/div>\t\t<\/div>\n\t\t\t\t<\/div>\n\t\t\t\t<\/div>\n\t\t\t\t\t\t<\/div>\n\t\t\t\t\t<\/div>\n\t\t<\/div>\n\t\t\t\t\t\t\t\t<\/div>\n\t\t\t\t\t<\/div>\n\t\t<\/section>\n\t\t\t\t\t\t<\/div>\n\t\t\t\t\t\t<\/div>\n\t\t\t\t\t<\/div>\n\t\t","protected":false},"excerpt":{"rendered":"<p>\u00a0CRTVG \u00e9 socia do Pacto Mundial das Naci\u00f3ns Unidas e encadra as s\u00faas acci\u00f3ns de Responsabilidade Social Corporativa no marco dos Obxectivos de Desenvolvemento Sustentable (ODS) de Naci\u00f3ns Unidas. Esta nova acci\u00f3n que a CRTVG pon en marcha arredor do D\u00eda das Letras Galegas 2022 enm\u00e1rcase dentro do ODS n\u00famero [&hellip;]<\/p>\n","protected":false},"author":1,"featured_media":0,"parent":0,"menu_order":0,"comment_status":"closed","ping_status":"closed","template":"page-templates\/template-pagebuilder-full-width.php","meta":[],"_links":{"self":[{"href":"https:\/\/accionsg.crtvg.gal\/letrasgalegas2022\/wp-json\/wp\/v2\/pages\/139"}],"collection":[{"href":"https:\/\/accionsg.crtvg.gal\/letrasgalegas2022\/wp-json\/wp\/v2\/pages"}],"about":[{"href":"https:\/\/accionsg.crtvg.gal\/letrasgalegas2022\/wp-json\/wp\/v2\/types\/page"}],"author":[{"embeddable":true,"href":"https:\/\/accionsg.crtvg.gal\/letrasgalegas2022\/wp-json\/wp\/v2\/users\/1"}],"replies":[{"embeddable":true,"href":"https:\/\/accionsg.crtvg.gal\/letrasgalegas2022\/wp-json\/wp\/v2\/comments?post=139"}],"version-history":[{"count":160,"href":"https:\/\/accionsg.crtvg.gal\/letrasgalegas2022\/wp-json\/wp\/v2\/pages\/139\/revisions"}],"predecessor-version":[{"id":460,"href":"https:\/\/accionsg.crtvg.gal\/letrasgalegas2022\/wp-json\/wp\/v2\/pages\/139\/revisions\/460"}],"wp:attachment":[{"href":"https:\/\/accionsg.crtvg.gal\/letrasgalegas2022\/wp-json\/wp\/v2\/media?parent=139"}],"curies":[{"name":"wp","href":"https:\/\/api.w.org\/{rel}","templated":true}]}}