{"id":139,"date":"2018-07-01T08:42:23","date_gmt":"2018-07-01T08:42:23","guid":{"rendered":"https:\/\/demo.themeinwp.com\/infinity-mag\/?page_id=32"},"modified":"2023-06-27T09:15:56","modified_gmt":"2023-06-27T07:15:56","slug":"homepage","status":"publish","type":"page","link":"https:\/\/accionsg.crtvg.gal\/xentedomar\/","title":{"rendered":"Homepage"},"content":{"rendered":"\t\t<div data-elementor-type=\"wp-post\" data-elementor-id=\"139\" class=\"elementor elementor-139\">\n\t\t\t\t\t\t<div class=\"elementor-inner\">\n\t\t\t\t<div class=\"elementor-section-wrap\">\n\t\t\t\t\t\t\t\t\t<section class=\"elementor-section elementor-top-section elementor-element elementor-element-326b33b elementor-section-boxed elementor-section-height-default elementor-section-height-default\" data-id=\"326b33b\" data-element_type=\"section\" data-settings=\"{&quot;background_background&quot;:&quot;classic&quot;}\">\n\t\t\t\t\t\t<div class=\"elementor-container elementor-column-gap-default\">\n\t\t\t\t\t\t\t<div class=\"elementor-row\">\n\t\t\t\t\t<div class=\"elementor-column elementor-col-100 elementor-top-column elementor-element elementor-element-f65b5c3\" data-id=\"f65b5c3\" data-element_type=\"column\" data-settings=\"{&quot;background_background&quot;:&quot;classic&quot;}\">\n\t\t\t<div class=\"elementor-column-wrap elementor-element-populated\">\n\t\t\t\t\t\t\t<div class=\"elementor-widget-wrap\">\n\t\t\t\t\t\t<section class=\"elementor-section elementor-inner-section elementor-element elementor-element-e5a3367 elementor-section-boxed elementor-section-height-default elementor-section-height-default\" data-id=\"e5a3367\" data-element_type=\"section\">\n\t\t\t\t\t\t<div class=\"elementor-container elementor-column-gap-default\">\n\t\t\t\t\t\t\t<div class=\"elementor-row\">\n\t\t\t\t\t<div class=\"elementor-column elementor-col-100 elementor-inner-column elementor-element elementor-element-da74ebc\" data-id=\"da74ebc\" data-element_type=\"column\">\n\t\t\t<div class=\"elementor-column-wrap elementor-element-populated\">\n\t\t\t\t\t\t\t<div class=\"elementor-widget-wrap\">\n\t\t\t\t\t\t<div class=\"elementor-element elementor-element-b2b766d elementor-widget elementor-widget-image\" data-id=\"b2b766d\" data-element_type=\"widget\" data-widget_type=\"image.default\">\n\t\t\t\t<div class=\"elementor-widget-container\">\n\t\t\t\t\t\t\t\t<div class=\"elementor-image\">\n\t\t\t\t\t\t\t\t\t\t\t\t<img decoding=\"async\" width=\"750\" height=\"422\" src=\"https:\/\/accionsg.crtvg.gal\/xentedomar\/wp-content\/uploads\/2023\/06\/Cartela-con-transparencia-1024x576.png\" class=\"attachment-large size-large wp-image-517\" alt=\"\" loading=\"lazy\" srcset=\"https:\/\/accionsg.crtvg.gal\/xentedomar\/wp-content\/uploads\/2023\/06\/Cartela-con-transparencia-1024x576.png 1024w, https:\/\/accionsg.crtvg.gal\/xentedomar\/wp-content\/uploads\/2023\/06\/Cartela-con-transparencia-300x169.png 300w, https:\/\/accionsg.crtvg.gal\/xentedomar\/wp-content\/uploads\/2023\/06\/Cartela-con-transparencia-768x432.png 768w, https:\/\/accionsg.crtvg.gal\/xentedomar\/wp-content\/uploads\/2023\/06\/Cartela-con-transparencia.png 1280w\" sizes=\"(max-width: 750px) 100vw, 750px\" \/>\t\t\t\t\t\t\t\t\t\t\t\t\t\t<\/div>\n\t\t\t\t\t\t<\/div>\n\t\t\t\t<\/div>\n\t\t\t\t<div class=\"elementor-element elementor-element-d7ca39e elementor-widget elementor-widget-text-editor\" data-id=\"d7ca39e\" data-element_type=\"widget\" data-widget_type=\"text-editor.default\">\n\t\t\t\t<div class=\"elementor-widget-container\">\n\t\t\t\t\t\t\t\t<div class=\"elementor-text-editor elementor-clearfix\">\n\t\t\t\t<p>\u00a0<b>CRTVG<\/b> \u00e9 socia do Pacto Mundial das<b> Naci\u00f3ns Unidas<\/b> e encadra as s\u00faas acci\u00f3ns de<b> Responsabilidade Social Corporativa<\/b> no marco dos <b>Obxectivos de Desenvolvemento Sostible (ODS)<\/b> de Naci\u00f3ns Unidas. Esta nova acci\u00f3n que a <b>CRTVG<\/b> pon en marcha arredor do<b> D\u00eda da Xente do Mar 2023<\/b> e a conmemoraci\u00f3n dos<b> 50 anos do MARPOL<\/b> enm\u00e1rcase dentro dos ODS n\u00famero 3 (Sa\u00fade e benestar),\u00a0 9 (Industria, innovaci\u00f3n e infraestrutura), 13 (Acci\u00f3n polo clima) e 14 (Vida Submarina).<\/p>\t\t\t\t\t<\/div>\n\t\t\t\t\t\t<\/div>\n\t\t\t\t<\/div>\n\t\t\t\t\t\t<\/div>\n\t\t\t\t\t<\/div>\n\t\t<\/div>\n\t\t\t\t\t\t\t\t<\/div>\n\t\t\t\t\t<\/div>\n\t\t<\/section>\n\t\t\t\t\t\t<\/div>\n\t\t\t\t\t<\/div>\n\t\t<\/div>\n\t\t\t\t\t\t\t\t<\/div>\n\t\t\t\t\t<\/div>\n\t\t<\/section>\n\t\t\t\t<section class=\"elementor-section elementor-top-section elementor-element elementor-element-905b6a6 elementor-section-boxed elementor-section-height-default elementor-section-height-default\" data-id=\"905b6a6\" data-element_type=\"section\" data-settings=\"{&quot;background_background&quot;:&quot;classic&quot;}\">\n\t\t\t\t\t\t<div class=\"elementor-container elementor-column-gap-default\">\n\t\t\t\t\t\t\t<div class=\"elementor-row\">\n\t\t\t\t\t<div class=\"elementor-column elementor-col-100 elementor-top-column elementor-element elementor-element-5e1ceba\" data-id=\"5e1ceba\" data-element_type=\"column\" data-settings=\"{&quot;background_background&quot;:&quot;classic&quot;}\">\n\t\t\t<div class=\"elementor-column-wrap elementor-element-populated\">\n\t\t\t\t\t\t\t<div class=\"elementor-widget-wrap\">\n\t\t\t\t\t\t<div class=\"elementor-element elementor-element-dda4462 elementor-widget elementor-widget-video\" data-id=\"dda4462\" data-element_type=\"widget\" data-settings=\"{&quot;video_type&quot;:&quot;vimeo&quot;}\" data-widget_type=\"video.default\">\n\t\t\t\t<div class=\"elementor-widget-container\">\n\t\t\t\t\t<div class=\"elementor-wrapper elementor-open-inline\">\n\t\t\t<iframe class=\"elementor-video-iframe\" allowfullscreen title=\"Reproductor de v\u00eddeo youtube\" src=\"https:\/\/www.youtube.com\/embed\/3CLt5eWZuw4?feature=oembed&amp;color&amp;autopause=0&amp;loop=0&amp;muted=0&amp;title=1&amp;portrait=1&amp;byline=1\"><\/iframe>\t\t<\/div>\n\t\t\t\t<\/div>\n\t\t\t\t<\/div>\n\t\t\t\t\t\t<\/div>\n\t\t\t\t\t<\/div>\n\t\t<\/div>\n\t\t\t\t\t\t\t\t<\/div>\n\t\t\t\t\t<\/div>\n\t\t<\/section>\n\t\t\t\t<section class=\"elementor-section elementor-top-section elementor-element elementor-element-b33f894 elementor-section-boxed elementor-section-height-default elementor-section-height-default\" data-id=\"b33f894\" data-element_type=\"section\">\n\t\t\t\t\t\t<div class=\"elementor-container elementor-column-gap-default\">\n\t\t\t\t\t\t\t<div class=\"elementor-row\">\n\t\t\t\t\t<div class=\"elementor-column elementor-col-100 elementor-top-column elementor-element elementor-element-2d4f4fe\" data-id=\"2d4f4fe\" data-element_type=\"column\">\n\t\t\t<div class=\"elementor-column-wrap elementor-element-populated\">\n\t\t\t\t\t\t\t<div class=\"elementor-widget-wrap\">\n\t\t\t\t\t\t<div class=\"elementor-element elementor-element-27dc1a8 elementor-widget elementor-widget-heading\" data-id=\"27dc1a8\" data-element_type=\"widget\" data-widget_type=\"heading.default\">\n\t\t\t\t<div class=\"elementor-widget-container\">\n\t\t\t<h2 class=\"elementor-heading-title elementor-size-default\">Que \u00e9 MARPOL<\/h2>\t\t<\/div>\n\t\t\t\t<\/div>\n\t\t\t\t<div class=\"elementor-element elementor-element-9c3584e elementor-widget elementor-widget-video\" data-id=\"9c3584e\" data-element_type=\"widget\" data-settings=\"{&quot;youtube_url&quot;:&quot;https:\\\/\\\/youtu.be\\\/QAbAw5gIHDA&quot;,&quot;video_type&quot;:&quot;youtube&quot;,&quot;controls&quot;:&quot;yes&quot;}\" data-widget_type=\"video.default\">\n\t\t\t\t<div class=\"elementor-widget-container\">\n\t\t\t\t\t<div class=\"elementor-wrapper elementor-open-inline\">\n\t\t\t<div class=\"elementor-video\"><\/div>\t\t<\/div>\n\t\t\t\t<\/div>\n\t\t\t\t<\/div>\n\t\t\t\t\t\t<\/div>\n\t\t\t\t\t<\/div>\n\t\t<\/div>\n\t\t\t\t\t\t\t\t<\/div>\n\t\t\t\t\t<\/div>\n\t\t<\/section>\n\t\t\t\t<section class=\"elementor-section elementor-top-section elementor-element elementor-element-269cad0 elementor-section-boxed elementor-section-height-default elementor-section-height-default\" data-id=\"269cad0\" data-element_type=\"section\" data-settings=\"{&quot;background_background&quot;:&quot;classic&quot;}\">\n\t\t\t\t\t\t<div class=\"elementor-container elementor-column-gap-default\">\n\t\t\t\t\t\t\t<div class=\"elementor-row\">\n\t\t\t\t\t<div class=\"elementor-column elementor-col-100 elementor-top-column elementor-element elementor-element-6dde058\" data-id=\"6dde058\" data-element_type=\"column\">\n\t\t\t<div class=\"elementor-column-wrap elementor-element-populated\">\n\t\t\t\t\t\t\t<div class=\"elementor-widget-wrap\">\n\t\t\t\t\t\t<div class=\"elementor-element elementor-element-b3e4bf4 elementor-widget elementor-widget-heading\" data-id=\"b3e4bf4\" data-element_type=\"widget\" data-widget_type=\"heading.default\">\n\t\t\t\t<div class=\"elementor-widget-container\">\n\t\t\t<h2 class=\"elementor-heading-title elementor-size-default\">Contidos especiais da Televisi\u00f3n de Galicia<\/h2>\t\t<\/div>\n\t\t\t\t<\/div>\n\t\t\t\t<div class=\"elementor-element elementor-element-2eeec8a elementor-widget elementor-widget-text-editor\" data-id=\"2eeec8a\" data-element_type=\"widget\" data-widget_type=\"text-editor.default\">\n\t\t\t\t<div class=\"elementor-widget-container\">\n\t\t\t\t\t\t\t\t<div class=\"elementor-text-editor elementor-clearfix\">\n\t\t\t\t<ul><li><h1><a href=\"https:\/\/www.crtvg.es\/tvg\/a-carta\/telexornal-mediodia-fds-6184865?t=1661\">Telexornal Mediod\u00eda 25-6-2023 <\/a><\/h1><\/li><\/ul><ul><\/ul>\t\t\t\t\t<\/div>\n\t\t\t\t\t\t<\/div>\n\t\t\t\t<\/div>\n\t\t\t\t\t\t<\/div>\n\t\t\t\t\t<\/div>\n\t\t<\/div>\n\t\t\t\t\t\t\t\t<\/div>\n\t\t\t\t\t<\/div>\n\t\t<\/section>\n\t\t\t\t<section class=\"elementor-section elementor-top-section elementor-element elementor-element-4ef108c elementor-section-boxed elementor-section-height-default elementor-section-height-default\" data-id=\"4ef108c\" data-element_type=\"section\">\n\t\t\t\t\t\t<div class=\"elementor-container elementor-column-gap-default\">\n\t\t\t\t\t\t\t<div class=\"elementor-row\">\n\t\t\t\t\t<div class=\"elementor-column elementor-col-33 elementor-top-column elementor-element elementor-element-7c081d2\" data-id=\"7c081d2\" data-element_type=\"column\">\n\t\t\t<div class=\"elementor-column-wrap elementor-element-populated\">\n\t\t\t\t\t\t\t<div class=\"elementor-widget-wrap\">\n\t\t\t\t\t\t<div class=\"elementor-element elementor-element-2adb52a elementor-position-top elementor-vertical-align-top elementor-widget elementor-widget-image-box\" data-id=\"2adb52a\" data-element_type=\"widget\" data-widget_type=\"image-box.default\">\n\t\t\t\t<div class=\"elementor-widget-container\">\n\t\t\t<div class=\"elementor-image-box-wrapper\"><figure class=\"elementor-image-box-img\"><a href=\"http:\/\/www.plancamgal.gal\" target=\"_blank\"><img decoding=\"async\" width=\"1059\" height=\"170\" src=\"https:\/\/accionsg.crtvg.gal\/xentedomar\/wp-content\/uploads\/2023\/06\/Camgal.png\" class=\"attachment-full size-full wp-image-494\" alt=\"\" loading=\"lazy\" srcset=\"https:\/\/accionsg.crtvg.gal\/xentedomar\/wp-content\/uploads\/2023\/06\/Camgal.png 1059w, https:\/\/accionsg.crtvg.gal\/xentedomar\/wp-content\/uploads\/2023\/06\/Camgal-300x48.png 300w, https:\/\/accionsg.crtvg.gal\/xentedomar\/wp-content\/uploads\/2023\/06\/Camgal-1024x164.png 1024w, https:\/\/accionsg.crtvg.gal\/xentedomar\/wp-content\/uploads\/2023\/06\/Camgal-768x123.png 768w\" sizes=\"(max-width: 1059px) 100vw, 1059px\" \/><\/a><\/figure><div class=\"elementor-image-box-content\"><h3 class=\"elementor-image-box-title\"><a href=\"http:\/\/www.plancamgal.gal\" target=\"_blank\">Plan CAMGAL<\/a><\/h3><p class=\"elementor-image-box-description\">P\u00e1xina do Plan Territorial de Continxencias para a Contaminaci\u00f3n Mari\u00f1a\nAccidental da Xunta de Galicia<\/p><\/div><\/div>\t\t<\/div>\n\t\t\t\t<\/div>\n\t\t\t\t\t\t<\/div>\n\t\t\t\t\t<\/div>\n\t\t<\/div>\n\t\t\t\t<div class=\"elementor-column elementor-col-33 elementor-top-column elementor-element elementor-element-302689b\" data-id=\"302689b\" data-element_type=\"column\">\n\t\t\t<div class=\"elementor-column-wrap elementor-element-populated\">\n\t\t\t\t\t\t\t<div class=\"elementor-widget-wrap\">\n\t\t\t\t\t\t<div class=\"elementor-element elementor-element-4117e79 elementor-position-top elementor-vertical-align-top elementor-widget elementor-widget-image-box\" data-id=\"4117e79\" data-element_type=\"widget\" data-widget_type=\"image-box.default\">\n\t\t\t\t<div class=\"elementor-widget-container\">\n\t\t\t<div class=\"elementor-image-box-wrapper\"><figure class=\"elementor-image-box-img\"><a href=\"https:\/\/www.miteco.gob.es\/es\/costas\/temas\/proteccion-medio-marino\/plan-ribera\/default.aspx\"><img decoding=\"async\" width=\"380\" height=\"131\" src=\"https:\/\/accionsg.crtvg.gal\/xentedomar\/wp-content\/uploads\/2023\/06\/Banner-DescargasGIS-380x131_tcm30-176648.jpg\" class=\"attachment-medium_large size-medium_large wp-image-496\" alt=\"\" loading=\"lazy\" srcset=\"https:\/\/accionsg.crtvg.gal\/xentedomar\/wp-content\/uploads\/2023\/06\/Banner-DescargasGIS-380x131_tcm30-176648.jpg 380w, https:\/\/accionsg.crtvg.gal\/xentedomar\/wp-content\/uploads\/2023\/06\/Banner-DescargasGIS-380x131_tcm30-176648-300x103.jpg 300w\" sizes=\"(max-width: 380px) 100vw, 380px\" \/><\/a><\/figure><div class=\"elementor-image-box-content\"><h1 class=\"elementor-image-box-title\"><a href=\"https:\/\/www.miteco.gob.es\/es\/costas\/temas\/proteccion-medio-marino\/plan-ribera\/default.aspx\">Plan Ribera<\/a><\/h1><p class=\"elementor-image-box-description\">P\u00e1xina do  Plan Estatal de Protecci\u00f3n da Ribeira do Mar contra a Contaminaci\u00f3n (Plan Ribera) do Goberno de Espa\u00f1a<\/p><\/div><\/div>\t\t<\/div>\n\t\t\t\t<\/div>\n\t\t\t\t\t\t<\/div>\n\t\t\t\t\t<\/div>\n\t\t<\/div>\n\t\t\t\t<div class=\"elementor-column elementor-col-33 elementor-top-column elementor-element elementor-element-2c3131b\" data-id=\"2c3131b\" data-element_type=\"column\">\n\t\t\t<div class=\"elementor-column-wrap elementor-element-populated\">\n\t\t\t\t\t\t\t<div class=\"elementor-widget-wrap\">\n\t\t\t\t\t\t<div class=\"elementor-element elementor-element-f43125e elementor-position-top elementor-vertical-align-top elementor-widget elementor-widget-image-box\" data-id=\"f43125e\" data-element_type=\"widget\" data-widget_type=\"image-box.default\">\n\t\t\t\t<div class=\"elementor-widget-container\">\n\t\t\t<div class=\"elementor-image-box-wrapper\"><figure class=\"elementor-image-box-img\"><a href=\"https:\/\/www.imo.org\/en\/About\/Events\/Pages\/World-Maritime-theme-2023.aspx\" target=\"_blank\"><img decoding=\"async\" width=\"300\" height=\"86\" src=\"https:\/\/accionsg.crtvg.gal\/xentedomar\/wp-content\/uploads\/2023\/06\/imo-logo.png\" class=\"attachment-full size-full wp-image-495\" alt=\"\" loading=\"lazy\" \/><\/a><\/figure><div class=\"elementor-image-box-content\"><h3 class=\"elementor-image-box-title\"><a href=\"https:\/\/www.imo.org\/en\/About\/Events\/Pages\/World-Maritime-theme-2023.aspx\" target=\"_blank\">Organizaci\u00f3n Mar\u00edtima Internacional<\/a><\/h3><p class=\"elementor-image-box-description\">Organismo especializado das Nac\u00f3ns Unidas responsable da seguridade e protecci\u00f3n da navegaci\u00f3n e de previr a contaminaci\u00f3n do mar polos buques. <\/p><\/div><\/div>\t\t<\/div>\n\t\t\t\t<\/div>\n\t\t\t\t\t\t<\/div>\n\t\t\t\t\t<\/div>\n\t\t<\/div>\n\t\t\t\t\t\t\t\t<\/div>\n\t\t\t\t\t<\/div>\n\t\t<\/section>\n\t\t\t\t<section class=\"elementor-section elementor-top-section elementor-element elementor-element-2bb7baa elementor-section-boxed elementor-section-height-default elementor-section-height-default\" data-id=\"2bb7baa\" data-element_type=\"section\">\n\t\t\t\t\t\t<div class=\"elementor-container elementor-column-gap-default\">\n\t\t\t\t\t\t\t<div class=\"elementor-row\">\n\t\t\t\t\t<div class=\"elementor-column elementor-col-100 elementor-top-column elementor-element elementor-element-60cb585\" data-id=\"60cb585\" data-element_type=\"column\">\n\t\t\t<div class=\"elementor-column-wrap elementor-element-populated\">\n\t\t\t\t\t\t\t<div class=\"elementor-widget-wrap\">\n\t\t\t\t\t\t<div class=\"elementor-element elementor-element-a0832ed elementor-widget elementor-widget-image\" data-id=\"a0832ed\" data-element_type=\"widget\" data-widget_type=\"image.default\">\n\t\t\t\t<div class=\"elementor-widget-container\">\n\t\t\t\t\t\t\t\t<div class=\"elementor-image\">\n\t\t\t\t\t\t\t\t\t\t\t\t\t<a href=\"https:\/\/www.undp.org\/content\/undp\/es\/home\/sustainable-development-goals.html\" target=\"_blank\">\n\t\t\t\t\t\t\t<img decoding=\"async\" width=\"300\" height=\"169\" src=\"https:\/\/accionsg.crtvg.gal\/xentedomar\/wp-content\/uploads\/2020\/06\/LOgo-cadrado-ODS-300x169.png\" class=\"attachment-medium size-medium wp-image-275\" alt=\"\" loading=\"lazy\" srcset=\"https:\/\/accionsg.crtvg.gal\/xentedomar\/wp-content\/uploads\/2020\/06\/LOgo-cadrado-ODS-300x169.png 300w, https:\/\/accionsg.crtvg.gal\/xentedomar\/wp-content\/uploads\/2020\/06\/LOgo-cadrado-ODS-1024x576.png 1024w, https:\/\/accionsg.crtvg.gal\/xentedomar\/wp-content\/uploads\/2020\/06\/LOgo-cadrado-ODS-768x432.png 768w, https:\/\/accionsg.crtvg.gal\/xentedomar\/wp-content\/uploads\/2020\/06\/LOgo-cadrado-ODS-1536x864.png 1536w, https:\/\/accionsg.crtvg.gal\/xentedomar\/wp-content\/uploads\/2020\/06\/LOgo-cadrado-ODS.png 2000w\" sizes=\"(max-width: 300px) 100vw, 300px\" \/>\t\t\t\t\t\t\t\t<\/a>\n\t\t\t\t\t\t\t\t\t\t\t\t\t\t<\/div>\n\t\t\t\t\t\t<\/div>\n\t\t\t\t<\/div>\n\t\t\t\t\t\t<\/div>\n\t\t\t\t\t<\/div>\n\t\t<\/div>\n\t\t\t\t\t\t\t\t<\/div>\n\t\t\t\t\t<\/div>\n\t\t<\/section>\n\t\t\t\t<section class=\"elementor-section elementor-top-section elementor-element elementor-element-83b3a30 elementor-section-boxed elementor-section-height-default elementor-section-height-default\" data-id=\"83b3a30\" data-element_type=\"section\" data-settings=\"{&quot;background_background&quot;:&quot;classic&quot;}\">\n\t\t\t\t\t\t<div class=\"elementor-container elementor-column-gap-default\">\n\t\t\t\t\t\t\t<div class=\"elementor-row\">\n\t\t\t\t\t<div class=\"elementor-column elementor-col-50 elementor-top-column elementor-element elementor-element-f3389d5\" data-id=\"f3389d5\" data-element_type=\"column\">\n\t\t\t<div class=\"elementor-column-wrap elementor-element-populated\">\n\t\t\t\t\t\t\t<div class=\"elementor-widget-wrap\">\n\t\t\t\t\t\t<div class=\"elementor-element elementor-element-eceebc9 e-grid-align-left elementor-shape-rounded elementor-grid-0 elementor-widget elementor-widget-social-icons\" data-id=\"eceebc9\" data-element_type=\"widget\" data-widget_type=\"social-icons.default\">\n\t\t\t\t<div class=\"elementor-widget-container\">\n\t\t\t\t\t<div class=\"elementor-social-icons-wrapper elementor-grid\">\n\t\t\t\t\t\t\t<span class=\"elementor-grid-item\">\n\t\t\t\t\t<a class=\"elementor-icon elementor-social-icon elementor-social-icon-facebook elementor-repeater-item-cf337e6\" href=\"https:\/\/www.facebook.com\/televisiondegalicia\/\" target=\"_blank\">\n\t\t\t\t\t\t<span class=\"elementor-screen-only\">Facebook<\/span>\n\t\t\t\t\t\t\t\t\t\t\t\t\t<i class=\"fa fa-facebook\"><\/i>\n\t\t\t\t\t\t\t\t\t\t\t<\/a>\n\t\t\t\t<\/span>\n\t\t\t\t\t\t\t<span class=\"elementor-grid-item\">\n\t\t\t\t\t<a class=\"elementor-icon elementor-social-icon elementor-social-icon-twitter elementor-repeater-item-463d8a3\" href=\"https:\/\/twitter.com\/tvgalicia\" target=\"_blank\">\n\t\t\t\t\t\t<span class=\"elementor-screen-only\">Twitter<\/span>\n\t\t\t\t\t\t\t\t\t\t\t\t\t<i class=\"fa fa-twitter\"><\/i>\n\t\t\t\t\t\t\t\t\t\t\t<\/a>\n\t\t\t\t<\/span>\n\t\t\t\t\t\t\t<span class=\"elementor-grid-item\">\n\t\t\t\t\t<a class=\"elementor-icon elementor-social-icon elementor-social-icon-instagram elementor-repeater-item-215f255\" href=\"https:\/\/www.instagram.com\/tvgalicia\/\" target=\"_blank\">\n\t\t\t\t\t\t<span class=\"elementor-screen-only\">Instagram<\/span>\n\t\t\t\t\t\t\t\t\t\t\t\t\t<i class=\"fa fa-instagram\"><\/i>\n\t\t\t\t\t\t\t\t\t\t\t<\/a>\n\t\t\t\t<\/span>\n\t\t\t\t\t<\/div>\n\t\t\t\t<\/div>\n\t\t\t\t<\/div>\n\t\t\t\t\t\t<\/div>\n\t\t\t\t\t<\/div>\n\t\t<\/div>\n\t\t\t\t<div class=\"elementor-column elementor-col-50 elementor-top-column elementor-element elementor-element-474a457\" data-id=\"474a457\" data-element_type=\"column\">\n\t\t\t<div class=\"elementor-column-wrap elementor-element-populated\">\n\t\t\t\t\t\t\t<div class=\"elementor-widget-wrap\">\n\t\t\t\t\t\t<div class=\"elementor-element elementor-element-b808ae0 elementor-widget elementor-widget-image\" data-id=\"b808ae0\" data-element_type=\"widget\" data-widget_type=\"image.default\">\n\t\t\t\t<div class=\"elementor-widget-container\">\n\t\t\t\t\t\t\t\t<div class=\"elementor-image\">\n\t\t\t\t\t\t\t\t\t\t\t\t\t<a href=\"http:\/\/www.crtvg.gal\/\">\n\t\t\t\t\t\t\t<img decoding=\"async\" width=\"300\" height=\"150\" src=\"https:\/\/accionsg.crtvg.gal\/xentedomar\/wp-content\/uploads\/2019\/05\/CRTVG-transparente-300x150-300x150.png\" class=\"attachment-medium size-medium wp-image-250\" alt=\"\" loading=\"lazy\" \/>\t\t\t\t\t\t\t\t<\/a>\n\t\t\t\t\t\t\t\t\t\t\t\t\t\t<\/div>\n\t\t\t\t\t\t<\/div>\n\t\t\t\t<\/div>\n\t\t\t\t\t\t<\/div>\n\t\t\t\t\t<\/div>\n\t\t<\/div>\n\t\t\t\t\t\t\t\t<\/div>\n\t\t\t\t\t<\/div>\n\t\t<\/section>\n\t\t\t\t\t\t\t\t\t<\/div>\n\t\t\t<\/div>\n\t\t\t\t\t<\/div>\n\t\t","protected":false},"excerpt":{"rendered":"<p>\u00a0CRTVG \u00e9 socia do Pacto Mundial das Naci\u00f3ns Unidas e encadra as s\u00faas acci\u00f3ns de Responsabilidade Social Corporativa no marco dos Obxectivos de Desenvolvemento Sostible (ODS) de Naci\u00f3ns Unidas. Esta nova acci\u00f3n que a CRTVG pon en marcha arredor do D\u00eda da Xente do Mar 2023 e a conmemoraci\u00f3n dos [&hellip;]<\/p>\n","protected":false},"author":1,"featured_media":0,"parent":0,"menu_order":0,"comment_status":"closed","ping_status":"closed","template":"page-templates\/template-pagebuilder-full-width.php","meta":[],"_links":{"self":[{"href":"https:\/\/accionsg.crtvg.gal\/xentedomar\/wp-json\/wp\/v2\/pages\/139"}],"collection":[{"href":"https:\/\/accionsg.crtvg.gal\/xentedomar\/wp-json\/wp\/v2\/pages"}],"about":[{"href":"https:\/\/accionsg.crtvg.gal\/xentedomar\/wp-json\/wp\/v2\/types\/page"}],"author":[{"embeddable":true,"href":"https:\/\/accionsg.crtvg.gal\/xentedomar\/wp-json\/wp\/v2\/users\/1"}],"replies":[{"embeddable":true,"href":"https:\/\/accionsg.crtvg.gal\/xentedomar\/wp-json\/wp\/v2\/comments?post=139"}],"version-history":[{"count":221,"href":"https:\/\/accionsg.crtvg.gal\/xentedomar\/wp-json\/wp\/v2\/pages\/139\/revisions"}],"predecessor-version":[{"id":545,"href":"https:\/\/accionsg.crtvg.gal\/xentedomar\/wp-json\/wp\/v2\/pages\/139\/revisions\/545"}],"wp:attachment":[{"href":"https:\/\/accionsg.crtvg.gal\/xentedomar\/wp-json\/wp\/v2\/media?parent=139"}],"curies":[{"name":"wp","href":"https:\/\/api.w.org\/{rel}","templated":true}]}}